{"id":3171,"date":"2023-09-06T11:38:00","date_gmt":"2023-09-06T09:38:00","guid":{"rendered":"https:\/\/fundacion-sm.org\/politica-de-cookies\/"},"modified":"2024-02-13T12:51:01","modified_gmt":"2024-02-13T11:51:01","slug":"politica-de-cookies","status":"publish","type":"page","link":"https:\/\/fundacion-sm.org\/pt-br\/politica-de-cookies\/","title":{"rendered":"Pol\u00edtica de cookies"},"content":{"rendered":"\t\t<div data-elementor-type=\"wp-page\" data-elementor-id=\"3171\" class=\"elementor elementor-3171 elementor-3165\" data-elementor-post-type=\"page\">\n\t\t\t\t\t\t<section class=\"elementor-section elementor-top-section elementor-element elementor-element-d4ea9e9 elementor-section-full_width elementor-section-height-default elementor-section-height-default\" data-id=\"d4ea9e9\" data-element_type=\"section\">\n\t\t\t\t\t\t<div class=\"elementor-container elementor-column-gap-default\">\n\t\t\t\t\t<div class=\"elementor-column elementor-col-100 elementor-top-column elementor-element elementor-element-91e14b5\" data-id=\"91e14b5\" data-element_type=\"column\">\n\t\t\t<div class=\"elementor-widget-wrap elementor-element-populated\">\n\t\t\t\t\t\t<div class=\"elementor-element elementor-element-3792948 elementor-widget elementor-widget-bloque-cabecera-menu\" data-id=\"3792948\" data-element_type=\"widget\" data-widget_type=\"bloque-cabecera-menu.default\">\n\t\t\t\t<div class=\"elementor-widget-container\">\n\t\t\t\t\t<header class=\"header normal\">\n    <div id=\"sticky_header\" class=\"no-sticky\">\n        <div class=\"container\">\n            <div class=\"row\">\n                <div class=\"col-12 d-flex justify-content-between align-items-center\">\n                    <div class=\"logo \">\n                        <a href=\"https:\/\/fundacion-sm.org\/pt-br\/\" class=\"custom-logo-link\" rel=\"home\"><img fetchpriority=\"high\" decoding=\"async\" width=\"536\" height=\"110\" src=\"https:\/\/fundacion-sm.org\/wp-content\/uploads\/2023\/11\/logo-fundacao-sm-color.png\" class=\"custom-logo\" alt=\"Funda\u00e7\u00e3o SM\" srcset=\"https:\/\/fundacion-sm.org\/wp-content\/uploads\/2023\/11\/logo-fundacao-sm-color.png 536w, https:\/\/fundacion-sm.org\/wp-content\/uploads\/2023\/11\/logo-fundacao-sm-color-300x62.png 300w\" sizes=\"(max-width: 536px) 100vw, 536px\" \/><\/a>                                            <\/div>\n                    <div class=\"menu-header\">\n                                                                        \n<div class=\"wpml-ls-statics-shortcode_actions wpml-ls wpml-ls-legacy-list-horizontal\">\n\t<ul role=\"menu\"><li class=\"wpml-ls-slot-shortcode_actions wpml-ls-item wpml-ls-item-pt-br wpml-ls-current-language wpml-ls-first-item wpml-ls-item-legacy-list-horizontal\" role=\"none\">\n\t\t\t\t<a href=\"https:\/\/fundacion-sm.org\/pt-br\/\" class=\"wpml-ls-link\" role=\"menuitem\" >\n                    <span class=\"wpml-ls-native\" role=\"menuitem\">Portugu\u00eas<\/span><\/a>\n\t\t\t<\/li><li class=\"wpml-ls-slot-shortcode_actions wpml-ls-item wpml-ls-item-es wpml-ls-last-item wpml-ls-item-legacy-list-horizontal\" role=\"none\">\n\t\t\t\t<a href=\"https:\/\/fundacion-sm.org\/\" class=\"wpml-ls-link\" role=\"menuitem\"  aria-label=\"Mudar para Espa\u00f1ol\" title=\"Mudar para Espa\u00f1ol\" >\n                    <span class=\"wpml-ls-native\" lang=\"es\">Espa\u00f1ol<\/span><\/a>\n\t\t\t<\/li><\/ul>\n<\/div>\n                                            <\/div>\n                <\/div>\n            <\/div>    \n        <\/div>\n            <\/div>\n<\/header>\t\t\t\t<\/div>\n\t\t\t\t<\/div>\n\t\t\t\t<div class=\"elementor-element elementor-element-3f21e50 elementor-widget elementor-widget-bloque-cabecera-texto\" data-id=\"3f21e50\" data-element_type=\"widget\" data-widget_type=\"bloque-cabecera-texto.default\">\n\t\t\t\t<div class=\"elementor-widget-container\">\n\t\t\t\t\t<!-- Texto cabecera texto-->\n<div class=\"ruta-de-migas\">\n    <div class=\"container\">\n            <div data-aos=\"fade-right\" data-aos-duration=\"700\"><ol class=\"breadcrumb\"><li><a href=\"https:\/\/fundacion-sm.org\/pt-br\/\">Inicio<\/a><\/li><\/ol><\/div>        <\/div>\n<\/div>\n<section class=\"bloque bloque-cabecera-texto \">\n    <div class=\"container\">\n        <h1 class=\"titulos\" data-aos=\"fade-left\" data-aos-duration=\"700\">Pol\u00edtica de cookies<\/h1>    <\/div>\n<\/section>\t\t\t\t<\/div>\n\t\t\t\t<\/div>\n\t\t\t\t<div class=\"elementor-element elementor-element-8f5c9db elementor-widget elementor-widget-bloque-texto\" data-id=\"8f5c9db\" data-element_type=\"widget\" data-widget_type=\"bloque-texto.default\">\n\t\t\t\t<div class=\"elementor-widget-container\">\n\t\t\t\t\t<!-- Texto a 2 columnas-->\n<section class=\"bloque bloque-texto  \">\n    <div class=\"container\">\n                <div class=\"estrecho2\">\n            <div class=\"row\">\n                <div class=\"col-sm-12\">\n                    <div class=\"the_content\" data-aos=\"fade-up\" data-aos-duration=\"700\">\n                        <p><script id=\"admindpo\" src=\"https:\/\/admindpo.grupo-sm.com\/dpoclient_v2.min.js\" data-baseurl=\"https:\/\/admindpo.grupo-sm.com\" data-sitename=\"cookiefirst-general\" data-document-type=\"cookies-policy\" data-language=\"pt\"><\/script><\/p>\n<div id=\"cookiefirst-policy-page\">\u00a0<\/div>\n                    <\/div>\n                <\/div>\n            <\/div>\n        <\/div>\n    <\/div>\n<\/section>\t\t\t\t<\/div>\n\t\t\t\t<\/div>\n\t\t\t\t\t<\/div>\n\t\t<\/div>\n\t\t\t\t\t<\/div>\n\t\t<\/section>\n\t\t\t\t<\/div>\n\t\t","protected":false},"excerpt":{"rendered":"<p>Portugu\u00eas Espa\u00f1ol Portada Pol\u00edtica de cookies \u00a0<\/p>\n","protected":false},"author":1,"featured_media":0,"parent":0,"menu_order":12,"comment_status":"closed","ping_status":"closed","template":"","meta":{"_acf_changed":false,"footnotes":""},"class_list":["post-3171","page","type-page","status-publish","hentry"],"acf":[],"yoast_head":"<!-- This site is optimized with the Yoast SEO plugin v26.7 - https:\/\/yoast.com\/wordpress\/plugins\/seo\/ -->\n<title>Pol\u00edtica de cookies - Funda\u00e7\u00e3o SM<\/title>\n<meta name=\"description\" content=\"Portugu\u00eas               Espa\u00f1ol            Portada         Pol\u00edtica de cookies                   \u00a0\" \/>\n<meta name=\"robots\" content=\"noindex, nofollow\" \/>\n<meta property=\"og:locale\" content=\"pt_BR\" \/>\n<meta property=\"og:type\" content=\"article\" \/>\n<meta property=\"og:title\" content=\"Pol\u00edtica de cookies - Funda\u00e7\u00e3o SM\" \/>\n<meta property=\"og:description\" content=\"Portugu\u00eas               Espa\u00f1ol            Portada         Pol\u00edtica de cookies                   \u00a0\" \/>\n<meta property=\"og:url\" content=\"https:\/\/fundacion-sm.org\/pt-br\/politica-de-cookies\/\" \/>\n<meta property=\"og:site_name\" content=\"Funda\u00e7\u00e3o SM\" \/>\n<meta property=\"article:modified_time\" content=\"2024-02-13T11:51:01+00:00\" \/>\n<meta property=\"og:image\" content=\"https:\/\/fundacion-sm.org\/wp-content\/uploads\/2023\/09\/logotipo-fundacion-sm_pt-br.png\" \/>\n<meta name=\"twitter:card\" content=\"summary_large_image\" \/>\n<script type=\"application\/ld+json\" class=\"yoast-schema-graph\">{\"@context\":\"https:\/\/schema.org\",\"@graph\":[{\"@type\":\"WebPage\",\"@id\":\"https:\/\/fundacion-sm.org\/pt-br\/politica-de-cookies\/\",\"url\":\"https:\/\/fundacion-sm.org\/pt-br\/politica-de-cookies\/\",\"name\":\"Pol\u00edtica de cookies - Funda\u00e7\u00e3o SM\",\"isPartOf\":{\"@id\":\"https:\/\/fundacion-sm.org\/pt-br\/#website\"},\"primaryImageOfPage\":{\"@id\":\"https:\/\/fundacion-sm.org\/pt-br\/politica-de-cookies\/#primaryimage\"},\"image\":{\"@id\":\"https:\/\/fundacion-sm.org\/pt-br\/politica-de-cookies\/#primaryimage\"},\"thumbnailUrl\":\"https:\/\/fundacion-sm.org\/wp-content\/uploads\/2023\/09\/logotipo-fundacion-sm_pt-br.png\",\"datePublished\":\"2023-09-06T09:38:00+00:00\",\"dateModified\":\"2024-02-13T11:51:01+00:00\",\"description\":\"Portugu\u00eas Espa\u00f1ol Portada Pol\u00edtica de cookies \u00a0\",\"breadcrumb\":{\"@id\":\"https:\/\/fundacion-sm.org\/pt-br\/politica-de-cookies\/#breadcrumb\"},\"inLanguage\":\"pt-BR\",\"potentialAction\":[{\"@type\":\"ReadAction\",\"target\":[\"https:\/\/fundacion-sm.org\/pt-br\/politica-de-cookies\/\"]}]},{\"@type\":\"ImageObject\",\"inLanguage\":\"pt-BR\",\"@id\":\"https:\/\/fundacion-sm.org\/pt-br\/politica-de-cookies\/#primaryimage\",\"url\":\"https:\/\/fundacion-sm.org\/wp-content\/uploads\/2023\/09\/logotipo-fundacion-sm_pt-br.png\",\"contentUrl\":\"https:\/\/fundacion-sm.org\/wp-content\/uploads\/2023\/09\/logotipo-fundacion-sm_pt-br.png\"},{\"@type\":\"BreadcrumbList\",\"@id\":\"https:\/\/fundacion-sm.org\/pt-br\/politica-de-cookies\/#breadcrumb\",\"itemListElement\":[{\"@type\":\"ListItem\",\"position\":1,\"name\":\"Inicio\",\"item\":\"https:\/\/fundacion-sm.org\/pt-br\/\"},{\"@type\":\"ListItem\",\"position\":2,\"name\":\"Pol\u00edtica de cookies\"}]},{\"@type\":\"WebSite\",\"@id\":\"https:\/\/fundacion-sm.org\/pt-br\/#website\",\"url\":\"https:\/\/fundacion-sm.org\/pt-br\/\",\"name\":\"Fundaci\u00f3n SM\",\"description\":\"Juntos cuidamos da educa\u00e7\u00e3o\",\"publisher\":{\"@id\":\"https:\/\/fundacion-sm.org\/pt-br\/#organization\"},\"potentialAction\":[{\"@type\":\"SearchAction\",\"target\":{\"@type\":\"EntryPoint\",\"urlTemplate\":\"https:\/\/fundacion-sm.org\/pt-br\/?s={search_term_string}\"},\"query-input\":{\"@type\":\"PropertyValueSpecification\",\"valueRequired\":true,\"valueName\":\"search_term_string\"}}],\"inLanguage\":\"pt-BR\"},{\"@type\":\"Organization\",\"@id\":\"https:\/\/fundacion-sm.org\/pt-br\/#organization\",\"name\":\"Funda\u00e7\u00e3o SM\",\"url\":\"https:\/\/fundacion-sm.org\/pt-br\/\",\"logo\":{\"@type\":\"ImageObject\",\"inLanguage\":\"pt-BR\",\"@id\":\"https:\/\/fundacion-sm.org\/pt-br\/#\/schema\/logo\/image\/\",\"url\":\"https:\/\/fundacion-sm.org\/wp-content\/uploads\/2023\/10\/logotipo-fundacion-sm.png\",\"contentUrl\":\"https:\/\/fundacion-sm.org\/wp-content\/uploads\/2023\/10\/logotipo-fundacion-sm.png\",\"width\":447,\"height\":85,\"caption\":\"Funda\u00e7\u00e3o SM\"},\"image\":{\"@id\":\"https:\/\/fundacion-sm.org\/pt-br\/#\/schema\/logo\/image\/\"}}]}<\/script>\n<!-- \/ Yoast SEO plugin. -->","yoast_head_json":{"title":"Pol\u00edtica de cookies - Funda\u00e7\u00e3o SM","description":"Portugu\u00eas               Espa\u00f1ol            Portada         Pol\u00edtica de cookies                   \u00a0","robots":{"index":"noindex","follow":"nofollow"},"og_locale":"pt_BR","og_type":"article","og_title":"Pol\u00edtica de cookies - Funda\u00e7\u00e3o SM","og_description":"Portugu\u00eas               Espa\u00f1ol            Portada         Pol\u00edtica de cookies                   \u00a0","og_url":"https:\/\/fundacion-sm.org\/pt-br\/politica-de-cookies\/","og_site_name":"Funda\u00e7\u00e3o SM","article_modified_time":"2024-02-13T11:51:01+00:00","og_image":[{"url":"https:\/\/fundacion-sm.org\/wp-content\/uploads\/2023\/09\/logotipo-fundacion-sm_pt-br.png","type":"","width":"","height":""}],"twitter_card":"summary_large_image","schema":{"@context":"https:\/\/schema.org","@graph":[{"@type":"WebPage","@id":"https:\/\/fundacion-sm.org\/pt-br\/politica-de-cookies\/","url":"https:\/\/fundacion-sm.org\/pt-br\/politica-de-cookies\/","name":"Pol\u00edtica de cookies - Funda\u00e7\u00e3o SM","isPartOf":{"@id":"https:\/\/fundacion-sm.org\/pt-br\/#website"},"primaryImageOfPage":{"@id":"https:\/\/fundacion-sm.org\/pt-br\/politica-de-cookies\/#primaryimage"},"image":{"@id":"https:\/\/fundacion-sm.org\/pt-br\/politica-de-cookies\/#primaryimage"},"thumbnailUrl":"https:\/\/fundacion-sm.org\/wp-content\/uploads\/2023\/09\/logotipo-fundacion-sm_pt-br.png","datePublished":"2023-09-06T09:38:00+00:00","dateModified":"2024-02-13T11:51:01+00:00","description":"Portugu\u00eas Espa\u00f1ol Portada Pol\u00edtica de cookies \u00a0","breadcrumb":{"@id":"https:\/\/fundacion-sm.org\/pt-br\/politica-de-cookies\/#breadcrumb"},"inLanguage":"pt-BR","potentialAction":[{"@type":"ReadAction","target":["https:\/\/fundacion-sm.org\/pt-br\/politica-de-cookies\/"]}]},{"@type":"ImageObject","inLanguage":"pt-BR","@id":"https:\/\/fundacion-sm.org\/pt-br\/politica-de-cookies\/#primaryimage","url":"https:\/\/fundacion-sm.org\/wp-content\/uploads\/2023\/09\/logotipo-fundacion-sm_pt-br.png","contentUrl":"https:\/\/fundacion-sm.org\/wp-content\/uploads\/2023\/09\/logotipo-fundacion-sm_pt-br.png"},{"@type":"BreadcrumbList","@id":"https:\/\/fundacion-sm.org\/pt-br\/politica-de-cookies\/#breadcrumb","itemListElement":[{"@type":"ListItem","position":1,"name":"Inicio","item":"https:\/\/fundacion-sm.org\/pt-br\/"},{"@type":"ListItem","position":2,"name":"Pol\u00edtica de cookies"}]},{"@type":"WebSite","@id":"https:\/\/fundacion-sm.org\/pt-br\/#website","url":"https:\/\/fundacion-sm.org\/pt-br\/","name":"Fundaci\u00f3n SM","description":"Juntos cuidamos da educa\u00e7\u00e3o","publisher":{"@id":"https:\/\/fundacion-sm.org\/pt-br\/#organization"},"potentialAction":[{"@type":"SearchAction","target":{"@type":"EntryPoint","urlTemplate":"https:\/\/fundacion-sm.org\/pt-br\/?s={search_term_string}"},"query-input":{"@type":"PropertyValueSpecification","valueRequired":true,"valueName":"search_term_string"}}],"inLanguage":"pt-BR"},{"@type":"Organization","@id":"https:\/\/fundacion-sm.org\/pt-br\/#organization","name":"Funda\u00e7\u00e3o SM","url":"https:\/\/fundacion-sm.org\/pt-br\/","logo":{"@type":"ImageObject","inLanguage":"pt-BR","@id":"https:\/\/fundacion-sm.org\/pt-br\/#\/schema\/logo\/image\/","url":"https:\/\/fundacion-sm.org\/wp-content\/uploads\/2023\/10\/logotipo-fundacion-sm.png","contentUrl":"https:\/\/fundacion-sm.org\/wp-content\/uploads\/2023\/10\/logotipo-fundacion-sm.png","width":447,"height":85,"caption":"Funda\u00e7\u00e3o SM"},"image":{"@id":"https:\/\/fundacion-sm.org\/pt-br\/#\/schema\/logo\/image\/"}}]}},"_links":{"self":[{"href":"https:\/\/fundacion-sm.org\/pt-br\/wp-json\/wp\/v2\/pages\/3171","targetHints":{"allow":["GET"]}}],"collection":[{"href":"https:\/\/fundacion-sm.org\/pt-br\/wp-json\/wp\/v2\/pages"}],"about":[{"href":"https:\/\/fundacion-sm.org\/pt-br\/wp-json\/wp\/v2\/types\/page"}],"author":[{"embeddable":true,"href":"https:\/\/fundacion-sm.org\/pt-br\/wp-json\/wp\/v2\/users\/1"}],"replies":[{"embeddable":true,"href":"https:\/\/fundacion-sm.org\/pt-br\/wp-json\/wp\/v2\/comments?post=3171"}],"version-history":[{"count":13,"href":"https:\/\/fundacion-sm.org\/pt-br\/wp-json\/wp\/v2\/pages\/3171\/revisions"}],"predecessor-version":[{"id":3255,"href":"https:\/\/fundacion-sm.org\/pt-br\/wp-json\/wp\/v2\/pages\/3171\/revisions\/3255"}],"wp:attachment":[{"href":"https:\/\/fundacion-sm.org\/pt-br\/wp-json\/wp\/v2\/media?parent=3171"}],"curies":[{"name":"wp","href":"https:\/\/api.w.org\/{rel}","templated":true}]}}